{"id":61,"date":"2021-09-09T11:15:41","date_gmt":"2021-09-09T11:15:41","guid":{"rendered":"https:\/\/test.kas-sz.ch\/?page_id=61"},"modified":"2025-11-13T10:40:51","modified_gmt":"2025-11-13T10:40:51","slug":"traegerschaft","status":"publish","type":"page","link":"https:\/\/kas-sz.ch\/?page_id=61","title":{"rendered":"Tr\u00e4gerschaft"},"content":{"rendered":"\n<h5 class=\"wp-block-heading has-normal-font-size\">Seit dem 01. Januar 2020 ist die KAS in die <a rel=\"noreferrer noopener\" href=\"http:\/\/www.sz.kath.ch\" data-type=\"URL\" data-id=\"www.sz.kath.ch\" target=\"_blank\">Kantonalkirche Schwyz<\/a> eingegliedert.<\/h5>\n\n\n\n<p><\/p>\n\n\n\n<div style=\"height:18px\" aria-hidden=\"true\" class=\"wp-block-spacer\"><\/div>\n\n\n\n<h4 class=\"wp-block-heading\">Katechetische Kommission<\/h4>\n\n\n\n<p>Die Katechetische Kommission ist verantwortlich f\u00fcr eine ordnungsgem\u00e4sse Gesch\u00e4ftsf\u00fchrung, f\u00fcr eine wirkungsorientierte Erbringung der Dienstleistungen und deren bed\u00fcrfnisgerechten Weiterentwicklung, sowie f\u00fcr das Qualit\u00e4tsmanagement und die Finanzkontrolle.<\/p>\n\n\n\n<div style=\"height:15px\" aria-hidden=\"true\" class=\"wp-block-spacer\"><\/div>\n\n\n\n<p>B\u00fcrgi Vreni, <em>Kant. Kirchenvorstand, Pr\u00e4sidentin<\/em><br>Arndgen Brigida, <em>Dekanat Ausserschwyz<\/em><br>Corinne M\u00e4der, <em>Dekanat Ausserschwyz<\/em><br>Auf der Maur Armando, <em>Dekanat Innerschwyz<\/em><br>Claudia Meyer, <em>Dekanat Innerschwyz<\/em><br>Br\u00e4ndle Silvia, <em>Stellenleiterin KAS<\/em><br>Horat Verena, <em>Protokoll KAS<\/em><\/p>\n\n\n\n<p><\/p>\n\n\n\n<p><a href=\"https:\/\/kas-sz.ch\/wp-content\/uploads\/2025\/11\/Leistungsauftrag_2025.pdf\" target=\"_blank\" rel=\"noreferrer noopener\">Leistungauftrag ab 2025<\/a><\/p>\n\n\n\n<div style=\"height:50px\" aria-hidden=\"true\" class=\"wp-block-spacer\"><\/div>\n\n\n\n<p><\/p>\n","protected":false},"excerpt":{"rendered":"<p>Seit dem 01. Januar 2020 ist die KAS in die Kantonalkirche Schwyz eingegliedert. Katechetische Kommission Die Katechetische Kommission ist verantwortlich f\u00fcr eine ordnungsgem\u00e4sse Gesch\u00e4ftsf\u00fchrung, f\u00fcr eine wirkungsorientierte Erbringung der Dienstleistungen und deren bed\u00fcrfnisgerechten Weiterentwicklung, sowie f\u00fcr das Qualit\u00e4tsmanagement und die Finanzkontrolle. B\u00fcrgi Vreni, Kant. Kirchenvorstand, Pr\u00e4sidentinArndgen Brigida, Dekanat AusserschwyzCorinne M\u00e4der, Dekanat AusserschwyzAuf der Maur Armando,<\/p><\/div>\n<div class=\"blog-btn\"><a href=\"https:\/\/kas-sz.ch\/?page_id=61\" class=\"home-blog-btn\">Weiterlesen<\/a><\/p>\n","protected":false},"author":1,"featured_media":0,"parent":0,"menu_order":0,"comment_status":"closed","ping_status":"closed","template":"","meta":{"footnotes":""},"class_list":["post-61","page","type-page","status-publish","hentry"],"_links":{"self":[{"href":"https:\/\/kas-sz.ch\/index.php?rest_route=\/wp\/v2\/pages\/61","targetHints":{"allow":["GET"]}}],"collection":[{"href":"https:\/\/kas-sz.ch\/index.php?rest_route=\/wp\/v2\/pages"}],"about":[{"href":"https:\/\/kas-sz.ch\/index.php?rest_route=\/wp\/v2\/types\/page"}],"author":[{"embeddable":true,"href":"https:\/\/kas-sz.ch\/index.php?rest_route=\/wp\/v2\/users\/1"}],"replies":[{"embeddable":true,"href":"https:\/\/kas-sz.ch\/index.php?rest_route=%2Fwp%2Fv2%2Fcomments&post=61"}],"version-history":[{"count":26,"href":"https:\/\/kas-sz.ch\/index.php?rest_route=\/wp\/v2\/pages\/61\/revisions"}],"predecessor-version":[{"id":2074,"href":"https:\/\/kas-sz.ch\/index.php?rest_route=\/wp\/v2\/pages\/61\/revisions\/2074"}],"wp:attachment":[{"href":"https:\/\/kas-sz.ch\/index.php?rest_route=%2Fwp%2Fv2%2Fmedia&parent=61"}],"curies":[{"name":"wp","href":"https:\/\/api.w.org\/{rel}","templated":true}]}}