{"id":446,"date":"2021-10-28T10:41:33","date_gmt":"2021-10-28T10:41:33","guid":{"rendered":"https:\/\/test.kas-sz.ch\/?page_id=446"},"modified":"2023-11-02T13:32:19","modified_gmt":"2023-11-02T13:32:19","slug":"plattform","status":"publish","type":"page","link":"https:\/\/kas-sz.ch\/?page_id=446","title":{"rendered":"Plattform"},"content":{"rendered":"\n<div class=\"wp-block-buttons is-layout-flex wp-block-buttons-is-layout-flex\">\n<div class=\"wp-block-button has-custom-width wp-block-button__width-75 has-custom-font-size is-style-outline has-medium-font-size is-style-outline--1\" id=\"platt-button\"><a class=\"wp-block-button__link has-black-color has-vivid-red-background-color has-text-color has-background wp-element-button\" href=\"https:\/\/kas-sz.ch\/moodle\/login\/index.php\" style=\"border-radius:7px\" target=\"_blank\" rel=\"noreferrer noopener\"><mark style=\"background-color:rgba(0, 0, 0, 0)\" class=\"has-inline-color has-white-color\">Plattform \u00f6ffnen<\/mark><\/a><\/div>\n<\/div>\n\n\n\n<div style=\"height:22px\" aria-hidden=\"true\" class=\"wp-block-spacer\"><\/div>\n\n\n\n<h2 class=\"wp-block-heading\">Unsere Plattform<\/h2>\n\n\n\n<p>Unsere Lernplattform dient als Sammelpot f\u00fcr viele interessante Themen und Unterlagen und Weiterbildungen.<br><br>Katechet*innen aus dem ganzen Kanton k\u00f6nnen hier Ihre gelungenen Lektionen nach Thema ablegen und anderen so zug\u00e4nglich machen. <br><br>Ebenfalls werden hier die Unterlagen und Handouts von unseren durchgef\u00fchrten Weiterbildungen abgelegt.<br><br>M\u00f6chtest du ebenfalls Dateien mit anderen austauschen, dann melde dich bei bei der KAS, wir teilen dir gerne dein pers\u00f6nliches Login mit.<\/p>\n","protected":false},"excerpt":{"rendered":"<p>Unsere Plattform Unsere Lernplattform dient als Sammelpot f\u00fcr viele interessante Themen und Unterlagen und Weiterbildungen. Katechet*innen aus dem ganzen Kanton k\u00f6nnen hier Ihre gelungenen Lektionen nach Thema ablegen und anderen so zug\u00e4nglich machen. Ebenfalls werden hier die Unterlagen und Handouts von unseren durchgef\u00fchrten Weiterbildungen abgelegt. M\u00f6chtest du ebenfalls Dateien mit anderen austauschen, dann melde dich<\/p><\/div>\n<div class=\"blog-btn\"><a href=\"https:\/\/kas-sz.ch\/?page_id=446\" class=\"home-blog-btn\">Weiterlesen<\/a><\/p>\n","protected":false},"author":1,"featured_media":0,"parent":0,"menu_order":0,"comment_status":"closed","ping_status":"closed","template":"","meta":{"footnotes":""},"class_list":["post-446","page","type-page","status-publish","hentry"],"_links":{"self":[{"href":"https:\/\/kas-sz.ch\/index.php?rest_route=\/wp\/v2\/pages\/446","targetHints":{"allow":["GET"]}}],"collection":[{"href":"https:\/\/kas-sz.ch\/index.php?rest_route=\/wp\/v2\/pages"}],"about":[{"href":"https:\/\/kas-sz.ch\/index.php?rest_route=\/wp\/v2\/types\/page"}],"author":[{"embeddable":true,"href":"https:\/\/kas-sz.ch\/index.php?rest_route=\/wp\/v2\/users\/1"}],"replies":[{"embeddable":true,"href":"https:\/\/kas-sz.ch\/index.php?rest_route=%2Fwp%2Fv2%2Fcomments&post=446"}],"version-history":[{"count":10,"href":"https:\/\/kas-sz.ch\/index.php?rest_route=\/wp\/v2\/pages\/446\/revisions"}],"predecessor-version":[{"id":1440,"href":"https:\/\/kas-sz.ch\/index.php?rest_route=\/wp\/v2\/pages\/446\/revisions\/1440"}],"wp:attachment":[{"href":"https:\/\/kas-sz.ch\/index.php?rest_route=%2Fwp%2Fv2%2Fmedia&parent=446"}],"curies":[{"name":"wp","href":"https:\/\/api.w.org\/{rel}","templated":true}]}}